{"id":181,"date":"2023-05-16T18:15:15","date_gmt":"2023-05-16T18:15:15","guid":{"rendered":"https:\/\/balambeh.org\/?page_id=181"},"modified":"2024-05-01T20:00:37","modified_gmt":"2024-05-01T14:30:37","slug":"balam-beh","status":"publish","type":"page","link":"https:\/\/balambeh.org\/es\/","title":{"rendered":"Balam Beh"},"content":{"rendered":"<div id=\"cs-content\" class=\"cs-content\"><\/div>\n","protected":false},"excerpt":{"rendered":"<p>Conectar poblaciones de jaguares para un futuro sostenible \u00danase a nosotros en la creaci\u00f3n de un corredor para que los jaguares prosperenESENDEPor qu\u00e9 necesitamos un Corredor Jaguar Vea este v\u00eddeo para saber m\u00e1s sobre la importancia de los jaguares y la necesidad de un corredor que conecte sus poblaciones.El corredor de los jaguares El Corredor del Jaguar conecta dos grandes poblaciones de jaguares en la reserva de Laguna de T\u00e9rminos (a la izquierda en el mapa) y en las reservas de Calakmul, Balam Ku y Balam Kin (a la derecha en el mapa). Esto aumenta la diversidad gen\u00e9tica y ayuda &#8230; <a href=\"https:\/\/balambeh.org\/es\/\" class=\"more-link\">Read More<\/a><\/p>\n","protected":false},"author":2,"featured_media":229,"parent":0,"menu_order":0,"comment_status":"closed","ping_status":"closed","template":"template-blank-8.php","meta":{"footnotes":""},"class_list":["post-181","page","type-page","status-publish","has-post-thumbnail","hentry"],"yoast_head":"<!-- This site is optimized with the Yoast SEO plugin v26.3 - https:\/\/yoast.com\/wordpress\/plugins\/seo\/ -->\n<title>Balam Beh | Conectar poblaciones de jaguares para un futuro sostenible<\/title>\n<meta name=\"description\" content=\"En Balam Beh, estamos conectando poblaciones de jaguares para un futuro sostenible. \u00danete a nosotros en la creaci\u00f3n de un corredor para que los jaguares prosperen.\" \/>\n<meta name=\"robots\" content=\"index, follow, max-snippet:-1, max-image-preview:large, max-video-preview:-1\" \/>\n<link rel=\"canonical\" href=\"https:\/\/balambeh.org\/es\/\" \/>\n<meta property=\"og:locale\" content=\"es_ES\" \/>\n<meta property=\"og:type\" content=\"article\" \/>\n<meta property=\"og:title\" content=\"Balam Beh | Conectar poblaciones de jaguares para un futuro sostenible\" \/>\n<meta property=\"og:description\" content=\"En Balam Beh, estamos conectando poblaciones de jaguares para un futuro sostenible. \u00danete a nosotros en la creaci\u00f3n de un corredor para que los jaguares prosperen.\" \/>\n<meta property=\"og:url\" content=\"https:\/\/balambeh.org\/es\/\" \/>\n<meta property=\"og:site_name\" content=\"Balam Beh\" \/>\n<meta property=\"article:modified_time\" content=\"2024-05-01T14:30:37+00:00\" \/>\n<meta property=\"og:image\" content=\"https:\/\/balambeh.org\/wp-content\/uploads\/2023\/05\/Jaguar-SM-Cover-balambeh.org_.jpg\" \/>\n\t<meta property=\"og:image:width\" content=\"1200\" \/>\n\t<meta property=\"og:image:height\" content=\"628\" \/>\n\t<meta property=\"og:image:type\" content=\"image\/jpeg\" \/>\n<meta name=\"twitter:card\" content=\"summary_large_image\" \/>\n<meta name=\"twitter:label1\" content=\"Tiempo de lectura\" \/>\n\t<meta name=\"twitter:data1\" content=\"3 minutos\" \/>\n<script type=\"application\/ld+json\" class=\"yoast-schema-graph\">{\"@context\":\"https:\/\/schema.org\",\"@graph\":[{\"@type\":\"WebPage\",\"@id\":\"https:\/\/balambeh.org\/es\/\",\"url\":\"https:\/\/balambeh.org\/es\/\",\"name\":\"Balam Beh | Conectar poblaciones de jaguares para un futuro sostenible\",\"isPartOf\":{\"@id\":\"https:\/\/balambeh.org\/es\/#website\"},\"primaryImageOfPage\":{\"@id\":\"https:\/\/balambeh.org\/es\/#primaryimage\"},\"image\":{\"@id\":\"https:\/\/balambeh.org\/es\/#primaryimage\"},\"thumbnailUrl\":\"https:\/\/balambeh.org\/wp-content\/uploads\/2023\/05\/Jaguar-SM-Cover-balambeh.org_.jpg\",\"datePublished\":\"2023-05-16T18:15:15+00:00\",\"dateModified\":\"2024-05-01T14:30:37+00:00\",\"description\":\"En Balam Beh, estamos conectando poblaciones de jaguares para un futuro sostenible. \u00danete a nosotros en la creaci\u00f3n de un corredor para que los jaguares prosperen.\",\"breadcrumb\":{\"@id\":\"https:\/\/balambeh.org\/es\/#breadcrumb\"},\"inLanguage\":\"es\",\"potentialAction\":[{\"@type\":\"ReadAction\",\"target\":[\"https:\/\/balambeh.org\/es\/\"]}]},{\"@type\":\"ImageObject\",\"inLanguage\":\"es\",\"@id\":\"https:\/\/balambeh.org\/es\/#primaryimage\",\"url\":\"https:\/\/balambeh.org\/wp-content\/uploads\/2023\/05\/Jaguar-SM-Cover-balambeh.org_.jpg\",\"contentUrl\":\"https:\/\/balambeh.org\/wp-content\/uploads\/2023\/05\/Jaguar-SM-Cover-balambeh.org_.jpg\",\"width\":1200,\"height\":628,\"caption\":\"Jaguar SM Cover balambeh.org\"},{\"@type\":\"BreadcrumbList\",\"@id\":\"https:\/\/balambeh.org\/es\/#breadcrumb\",\"itemListElement\":[{\"@type\":\"ListItem\",\"position\":1,\"name\":\"Home\",\"item\":\"https:\/\/balambeh.org\/es\/balam-beh\/\"},{\"@type\":\"ListItem\",\"position\":2,\"name\":\"Balam Beh\"}]},{\"@type\":\"WebSite\",\"@id\":\"https:\/\/balambeh.org\/es\/#website\",\"url\":\"https:\/\/balambeh.org\/es\/\",\"name\":\"Balam Beh\",\"description\":\"Connecting Jaguar Populations for a Sustainable Future\",\"publisher\":{\"@id\":\"https:\/\/balambeh.org\/es\/#organization\"},\"alternateName\":\"Balam Beh\",\"potentialAction\":[{\"@type\":\"SearchAction\",\"target\":{\"@type\":\"EntryPoint\",\"urlTemplate\":\"https:\/\/balambeh.org\/es\/?s={search_term_string}\"},\"query-input\":{\"@type\":\"PropertyValueSpecification\",\"valueRequired\":true,\"valueName\":\"search_term_string\"}}],\"inLanguage\":\"es\"},{\"@type\":\"Organization\",\"@id\":\"https:\/\/balambeh.org\/es\/#organization\",\"name\":\"Balam Beh\",\"alternateName\":\"Balam Beh\",\"url\":\"https:\/\/balambeh.org\/es\/\",\"logo\":{\"@type\":\"ImageObject\",\"inLanguage\":\"es\",\"@id\":\"https:\/\/balambeh.org\/es\/#\/schema\/logo\/image\/\",\"url\":\"https:\/\/balambeh.org\/wp-content\/uploads\/2023\/05\/cropped-Balam-Beh-Icon.png\",\"contentUrl\":\"https:\/\/balambeh.org\/wp-content\/uploads\/2023\/05\/cropped-Balam-Beh-Icon.png\",\"width\":512,\"height\":512,\"caption\":\"Balam Beh\"},\"image\":{\"@id\":\"https:\/\/balambeh.org\/es\/#\/schema\/logo\/image\/\"}}]}<\/script>\n<!-- \/ Yoast SEO plugin. -->","yoast_head_json":{"title":"Balam Beh | Conectar poblaciones de jaguares para un futuro sostenible","description":"En Balam Beh, estamos conectando poblaciones de jaguares para un futuro sostenible. \u00danete a nosotros en la creaci\u00f3n de un corredor para que los jaguares prosperen.","robots":{"index":"index","follow":"follow","max-snippet":"max-snippet:-1","max-image-preview":"max-image-preview:large","max-video-preview":"max-video-preview:-1"},"canonical":"https:\/\/balambeh.org\/es\/","og_locale":"es_ES","og_type":"article","og_title":"Balam Beh | Conectar poblaciones de jaguares para un futuro sostenible","og_description":"En Balam Beh, estamos conectando poblaciones de jaguares para un futuro sostenible. \u00danete a nosotros en la creaci\u00f3n de un corredor para que los jaguares prosperen.","og_url":"https:\/\/balambeh.org\/es\/","og_site_name":"Balam Beh","article_modified_time":"2024-05-01T14:30:37+00:00","og_image":[{"width":1200,"height":628,"url":"https:\/\/balambeh.org\/wp-content\/uploads\/2023\/05\/Jaguar-SM-Cover-balambeh.org_.jpg","type":"image\/jpeg"}],"twitter_card":"summary_large_image","twitter_misc":{"Tiempo de lectura":"3 minutos"},"schema":{"@context":"https:\/\/schema.org","@graph":[{"@type":"WebPage","@id":"https:\/\/balambeh.org\/es\/","url":"https:\/\/balambeh.org\/es\/","name":"Balam Beh | Conectar poblaciones de jaguares para un futuro sostenible","isPartOf":{"@id":"https:\/\/balambeh.org\/es\/#website"},"primaryImageOfPage":{"@id":"https:\/\/balambeh.org\/es\/#primaryimage"},"image":{"@id":"https:\/\/balambeh.org\/es\/#primaryimage"},"thumbnailUrl":"https:\/\/balambeh.org\/wp-content\/uploads\/2023\/05\/Jaguar-SM-Cover-balambeh.org_.jpg","datePublished":"2023-05-16T18:15:15+00:00","dateModified":"2024-05-01T14:30:37+00:00","description":"En Balam Beh, estamos conectando poblaciones de jaguares para un futuro sostenible. \u00danete a nosotros en la creaci\u00f3n de un corredor para que los jaguares prosperen.","breadcrumb":{"@id":"https:\/\/balambeh.org\/es\/#breadcrumb"},"inLanguage":"es","potentialAction":[{"@type":"ReadAction","target":["https:\/\/balambeh.org\/es\/"]}]},{"@type":"ImageObject","inLanguage":"es","@id":"https:\/\/balambeh.org\/es\/#primaryimage","url":"https:\/\/balambeh.org\/wp-content\/uploads\/2023\/05\/Jaguar-SM-Cover-balambeh.org_.jpg","contentUrl":"https:\/\/balambeh.org\/wp-content\/uploads\/2023\/05\/Jaguar-SM-Cover-balambeh.org_.jpg","width":1200,"height":628,"caption":"Jaguar SM Cover balambeh.org"},{"@type":"BreadcrumbList","@id":"https:\/\/balambeh.org\/es\/#breadcrumb","itemListElement":[{"@type":"ListItem","position":1,"name":"Home","item":"https:\/\/balambeh.org\/es\/balam-beh\/"},{"@type":"ListItem","position":2,"name":"Balam Beh"}]},{"@type":"WebSite","@id":"https:\/\/balambeh.org\/es\/#website","url":"https:\/\/balambeh.org\/es\/","name":"Balam Beh","description":"Connecting Jaguar Populations for a Sustainable Future","publisher":{"@id":"https:\/\/balambeh.org\/es\/#organization"},"alternateName":"Balam Beh","potentialAction":[{"@type":"SearchAction","target":{"@type":"EntryPoint","urlTemplate":"https:\/\/balambeh.org\/es\/?s={search_term_string}"},"query-input":{"@type":"PropertyValueSpecification","valueRequired":true,"valueName":"search_term_string"}}],"inLanguage":"es"},{"@type":"Organization","@id":"https:\/\/balambeh.org\/es\/#organization","name":"Balam Beh","alternateName":"Balam Beh","url":"https:\/\/balambeh.org\/es\/","logo":{"@type":"ImageObject","inLanguage":"es","@id":"https:\/\/balambeh.org\/es\/#\/schema\/logo\/image\/","url":"https:\/\/balambeh.org\/wp-content\/uploads\/2023\/05\/cropped-Balam-Beh-Icon.png","contentUrl":"https:\/\/balambeh.org\/wp-content\/uploads\/2023\/05\/cropped-Balam-Beh-Icon.png","width":512,"height":512,"caption":"Balam Beh"},"image":{"@id":"https:\/\/balambeh.org\/es\/#\/schema\/logo\/image\/"}}]}},"_links":{"self":[{"href":"https:\/\/balambeh.org\/es\/wp-json\/wp\/v2\/pages\/181","targetHints":{"allow":["GET"]}}],"collection":[{"href":"https:\/\/balambeh.org\/es\/wp-json\/wp\/v2\/pages"}],"about":[{"href":"https:\/\/balambeh.org\/es\/wp-json\/wp\/v2\/types\/page"}],"author":[{"embeddable":true,"href":"https:\/\/balambeh.org\/es\/wp-json\/wp\/v2\/users\/2"}],"replies":[{"embeddable":true,"href":"https:\/\/balambeh.org\/es\/wp-json\/wp\/v2\/comments?post=181"}],"version-history":[{"count":17,"href":"https:\/\/balambeh.org\/es\/wp-json\/wp\/v2\/pages\/181\/revisions"}],"predecessor-version":[{"id":310,"href":"https:\/\/balambeh.org\/es\/wp-json\/wp\/v2\/pages\/181\/revisions\/310"}],"wp:featuredmedia":[{"embeddable":true,"href":"https:\/\/balambeh.org\/es\/wp-json\/wp\/v2\/media\/229"}],"wp:attachment":[{"href":"https:\/\/balambeh.org\/es\/wp-json\/wp\/v2\/media?parent=181"}],"curies":[{"name":"wp","href":"https:\/\/api.w.org\/{rel}","templated":true}]}}